{"id":6,"date":"2014-10-04T09:14:17","date_gmt":"2014-10-04T08:14:17","guid":{"rendered":"http:\/\/marketingservice.it\/?page_id=6"},"modified":"2015-01-03T22:15:35","modified_gmt":"2015-01-03T21:15:35","slug":"benvenuti","status":"publish","type":"page","link":"https:\/\/marketingservice.it\/","title":{"rendered":"Marketing Service it"},"content":{"rendered":"<figure id=\"attachment_40\" aria-describedby=\"caption-attachment-40\" style=\"width: 300px\" class=\"wp-caption alignleft\"><a href=\"http:\/\/www.marketingservice.it\" target=\"_blank\"><img loading=\"lazy\" decoding=\"async\" class=\"wp-image-40 size-medium\" title=\"Marketing Service\" src=\"http:\/\/marketingservice.it\/wp-content\/uploads\/2015\/01\/marketing_comunicazione-300x231.jpg\" alt=\"marketing_comunicazione\" width=\"300\" height=\"231\" \/><\/a><figcaption id=\"caption-attachment-40\" class=\"wp-caption-text\">Marketing Service Realizzazione siti web Registrazione e gestione domini<\/figcaption><\/figure>\n<p>Marketing Service fornisce soluzioni globali per le aziende che desiderano utilizzare internet come strumento\u00a0 professionale di comunicazione. Il nostro obiettivo \u00e8 quello di fornire alle imprese servizi di consulenza, di progettazione e di pubblicazione di siti web, in linea con le offerte pi\u00f9 innovative del mercato. Marketimg Service grazie ad un approccio elastico e trasparente alla comunicazione globale, \u00e8 in grado di rispondere concretamente alle necessit\u00e0 delle realt\u00e0 imprenditoriali ed aziendali che decidono di affrontare il mondo della comunicazione del futuro, sfruttandone i vantaggi per migliorare la propria competitivit\u00e0.<\/p>\n<p><a title=\"Marketing Service\" href=\"http:\/\/www.marketingservice.it\" target=\"_blank\">Marketing Service<\/a> fornisce tutti gli strumenti necessari per posizionarsi ed essere presenti su internet in modo\u00a0 proficuo e professionale.<\/p>\n<p>Servizi di consulenza <a title=\"Marketing Service\" href=\"http:\/\/marketingservice.it\">Marketing Service<\/a><\/p>\n<p>Posizionamento marketing<br \/>\nStrategie di comunicazione<br \/>\nDirect Marketing<br \/>\nServizi internet<\/p>\n<p>Realizzazione di siti web<br \/>\nRegistrazione e gestione domini<br \/>\nGestione posta elettronica<br \/>\nServizi di hosting e housing<br \/>\nSistemi integrati di Commercio Elettronico<\/p>\n<p>I servizi Web offerti da Marketing Service hanno tutti un unico filo denominatore: semplicit\u00e0 ed affidabilit\u00e0.<br \/>\nA partire dalla semplice registrazione di un nome a dominio, fino alla fornitura di un completo server virtuale, tutti i nostri servizi sono pensati per chi deve &#8220;lavorarci sopra&#8221;.<br \/>\nAziende, webmasters, webdesigner e professionisti trovano in Marketing Service il partner ideale a cui affidarsi per i servizi di hosting, housing, promotion, tutti i servizi necessari ed indispensabili per il corretto sviluppo di una attiva presenza aziendale sul Web.<\/p>\n<p>Nella realizzazione di un sito Internet \u00e8 importante la definizione degli obiettivi e delle strategie di marketing al fine di aumentare la visibilit\u00e0 del sito, sia sulla rete che sugli altri\u00a0 canali d&#8217;informazione cui una azienda ha accesso, per incrementare il numero di contatti.<\/p>\n<p>Le strategie che Marketing Service si occupa di pianificare possono essere classificate in due macro classi di marketing, online e offline (all\u2019interno della rete ad al di fuori di essa), ed ordinate in base alle crescenti risorse, economiche ed organizzative, richieste dal cliente.<\/p>\n","protected":false},"excerpt":{"rendered":"<p>Marketing Service fornisce soluzioni globali per le aziende che desiderano utilizzare internet come strumento\u00a0 professionale di comunicazione. Il nostro obiettivo \u00e8 quello di fornire alle imprese servizi di consulenza, di progettazione e di pubblicazione di siti web, in linea con le offerte pi\u00f9 innovative del mercato. Marketimg Service grazie ad un approccio elastico e trasparente [&hellip;]<\/p>\n","protected":false},"author":1,"featured_media":0,"parent":0,"menu_order":0,"comment_status":"closed","ping_status":"closed","template":"","meta":{"footnotes":""},"class_list":["post-6","page","type-page","status-publish","hentry"],"yoast_head":"<!-- This site is optimized with the Yoast SEO plugin v27.4 - https:\/\/yoast.com\/product\/yoast-seo-wordpress\/ -->\n<title>Marketing Service it - marketingservice.it<\/title>\n<meta name=\"description\" content=\"Marketing Service fornisce tutti gli strumenti necessari per posizionarsi ed essere presenti su internet in modo proficuo e professionale realizza siti web\" \/>\n<meta name=\"robots\" content=\"index, follow, max-snippet:-1, max-image-preview:large, max-video-preview:-1\" \/>\n<link rel=\"canonical\" href=\"https:\/\/marketingservice.it\/\" \/>\n<meta property=\"og:locale\" content=\"it_IT\" \/>\n<meta property=\"og:type\" content=\"article\" \/>\n<meta property=\"og:title\" content=\"Marketing Service it - marketingservice.it\" \/>\n<meta property=\"og:description\" content=\"Marketing Service fornisce tutti gli strumenti necessari per posizionarsi ed essere presenti su internet in modo proficuo e professionale realizza siti web\" \/>\n<meta property=\"og:url\" content=\"https:\/\/marketingservice.it\/\" \/>\n<meta property=\"og:site_name\" content=\"marketingservice.it\" \/>\n<meta property=\"article:modified_time\" content=\"2015-01-03T21:15:35+00:00\" \/>\n<meta property=\"og:image\" content=\"http:\/\/marketingservice.it\/wp-content\/uploads\/2015\/01\/marketing_comunicazione-300x231.jpg\" \/>\n<meta name=\"twitter:label1\" content=\"Tempo di lettura stimato\" \/>\n\t<meta name=\"twitter:data1\" content=\"2 minuti\" \/>\n<script type=\"application\/ld+json\" class=\"yoast-schema-graph\">{\"@context\":\"https:\\\/\\\/schema.org\",\"@graph\":[{\"@type\":\"WebPage\",\"@id\":\"https:\\\/\\\/marketingservice.it\\\/\",\"url\":\"https:\\\/\\\/marketingservice.it\\\/\",\"name\":\"Marketing Service it - marketingservice.it\",\"isPartOf\":{\"@id\":\"https:\\\/\\\/marketingservice.it\\\/#website\"},\"primaryImageOfPage\":{\"@id\":\"https:\\\/\\\/marketingservice.it\\\/#primaryimage\"},\"image\":{\"@id\":\"https:\\\/\\\/marketingservice.it\\\/#primaryimage\"},\"thumbnailUrl\":\"http:\\\/\\\/marketingservice.it\\\/wp-content\\\/uploads\\\/2015\\\/01\\\/marketing_comunicazione-300x231.jpg\",\"datePublished\":\"2014-10-04T08:14:17+00:00\",\"dateModified\":\"2015-01-03T21:15:35+00:00\",\"description\":\"Marketing Service fornisce tutti gli strumenti necessari per posizionarsi ed essere presenti su internet in modo proficuo e professionale realizza siti web\",\"breadcrumb\":{\"@id\":\"https:\\\/\\\/marketingservice.it\\\/#breadcrumb\"},\"inLanguage\":\"it-IT\",\"potentialAction\":[{\"@type\":\"ReadAction\",\"target\":[\"https:\\\/\\\/marketingservice.it\\\/\"]}]},{\"@type\":\"ImageObject\",\"inLanguage\":\"it-IT\",\"@id\":\"https:\\\/\\\/marketingservice.it\\\/#primaryimage\",\"url\":\"http:\\\/\\\/marketingservice.it\\\/wp-content\\\/uploads\\\/2015\\\/01\\\/marketing_comunicazione-300x231.jpg\",\"contentUrl\":\"http:\\\/\\\/marketingservice.it\\\/wp-content\\\/uploads\\\/2015\\\/01\\\/marketing_comunicazione-300x231.jpg\"},{\"@type\":\"BreadcrumbList\",\"@id\":\"https:\\\/\\\/marketingservice.it\\\/#breadcrumb\",\"itemListElement\":[{\"@type\":\"ListItem\",\"position\":1,\"name\":\"Home\",\"item\":\"https:\\\/\\\/marketingservice.it\\\/\"},{\"@type\":\"ListItem\",\"position\":2,\"name\":\"Marketing Service it\"}]},{\"@type\":\"WebSite\",\"@id\":\"https:\\\/\\\/marketingservice.it\\\/#website\",\"url\":\"https:\\\/\\\/marketingservice.it\\\/\",\"name\":\"marketingservice.it\",\"description\":\"la tua web agency\",\"potentialAction\":[{\"@type\":\"SearchAction\",\"target\":{\"@type\":\"EntryPoint\",\"urlTemplate\":\"https:\\\/\\\/marketingservice.it\\\/?s={search_term_string}\"},\"query-input\":{\"@type\":\"PropertyValueSpecification\",\"valueRequired\":true,\"valueName\":\"search_term_string\"}}],\"inLanguage\":\"it-IT\"}]}<\/script>\n<!-- \/ Yoast SEO plugin. -->","yoast_head_json":{"title":"Marketing Service it - marketingservice.it","description":"Marketing Service fornisce tutti gli strumenti necessari per posizionarsi ed essere presenti su internet in modo proficuo e professionale realizza siti web","robots":{"index":"index","follow":"follow","max-snippet":"max-snippet:-1","max-image-preview":"max-image-preview:large","max-video-preview":"max-video-preview:-1"},"canonical":"https:\/\/marketingservice.it\/","og_locale":"it_IT","og_type":"article","og_title":"Marketing Service it - marketingservice.it","og_description":"Marketing Service fornisce tutti gli strumenti necessari per posizionarsi ed essere presenti su internet in modo proficuo e professionale realizza siti web","og_url":"https:\/\/marketingservice.it\/","og_site_name":"marketingservice.it","article_modified_time":"2015-01-03T21:15:35+00:00","og_image":[{"url":"http:\/\/marketingservice.it\/wp-content\/uploads\/2015\/01\/marketing_comunicazione-300x231.jpg","type":"","width":"","height":""}],"twitter_misc":{"Tempo di lettura stimato":"2 minuti"},"schema":{"@context":"https:\/\/schema.org","@graph":[{"@type":"WebPage","@id":"https:\/\/marketingservice.it\/","url":"https:\/\/marketingservice.it\/","name":"Marketing Service it - marketingservice.it","isPartOf":{"@id":"https:\/\/marketingservice.it\/#website"},"primaryImageOfPage":{"@id":"https:\/\/marketingservice.it\/#primaryimage"},"image":{"@id":"https:\/\/marketingservice.it\/#primaryimage"},"thumbnailUrl":"http:\/\/marketingservice.it\/wp-content\/uploads\/2015\/01\/marketing_comunicazione-300x231.jpg","datePublished":"2014-10-04T08:14:17+00:00","dateModified":"2015-01-03T21:15:35+00:00","description":"Marketing Service fornisce tutti gli strumenti necessari per posizionarsi ed essere presenti su internet in modo proficuo e professionale realizza siti web","breadcrumb":{"@id":"https:\/\/marketingservice.it\/#breadcrumb"},"inLanguage":"it-IT","potentialAction":[{"@type":"ReadAction","target":["https:\/\/marketingservice.it\/"]}]},{"@type":"ImageObject","inLanguage":"it-IT","@id":"https:\/\/marketingservice.it\/#primaryimage","url":"http:\/\/marketingservice.it\/wp-content\/uploads\/2015\/01\/marketing_comunicazione-300x231.jpg","contentUrl":"http:\/\/marketingservice.it\/wp-content\/uploads\/2015\/01\/marketing_comunicazione-300x231.jpg"},{"@type":"BreadcrumbList","@id":"https:\/\/marketingservice.it\/#breadcrumb","itemListElement":[{"@type":"ListItem","position":1,"name":"Home","item":"https:\/\/marketingservice.it\/"},{"@type":"ListItem","position":2,"name":"Marketing Service it"}]},{"@type":"WebSite","@id":"https:\/\/marketingservice.it\/#website","url":"https:\/\/marketingservice.it\/","name":"marketingservice.it","description":"la tua web agency","potentialAction":[{"@type":"SearchAction","target":{"@type":"EntryPoint","urlTemplate":"https:\/\/marketingservice.it\/?s={search_term_string}"},"query-input":{"@type":"PropertyValueSpecification","valueRequired":true,"valueName":"search_term_string"}}],"inLanguage":"it-IT"}]}},"_links":{"self":[{"href":"https:\/\/marketingservice.it\/index.php?rest_route=\/wp\/v2\/pages\/6","targetHints":{"allow":["GET"]}}],"collection":[{"href":"https:\/\/marketingservice.it\/index.php?rest_route=\/wp\/v2\/pages"}],"about":[{"href":"https:\/\/marketingservice.it\/index.php?rest_route=\/wp\/v2\/types\/page"}],"author":[{"embeddable":true,"href":"https:\/\/marketingservice.it\/index.php?rest_route=\/wp\/v2\/users\/1"}],"replies":[{"embeddable":true,"href":"https:\/\/marketingservice.it\/index.php?rest_route=%2Fwp%2Fv2%2Fcomments&post=6"}],"version-history":[{"count":10,"href":"https:\/\/marketingservice.it\/index.php?rest_route=\/wp\/v2\/pages\/6\/revisions"}],"predecessor-version":[{"id":62,"href":"https:\/\/marketingservice.it\/index.php?rest_route=\/wp\/v2\/pages\/6\/revisions\/62"}],"wp:attachment":[{"href":"https:\/\/marketingservice.it\/index.php?rest_route=%2Fwp%2Fv2%2Fmedia&parent=6"}],"curies":[{"name":"wp","href":"https:\/\/api.w.org\/{rel}","templated":true}]}}